{"id":2055,"date":"2025-07-20T14:59:56","date_gmt":"2025-07-20T14:59:56","guid":{"rendered":"https:\/\/dianapiirsalu.eu\/?page_id=2055"},"modified":"2026-02-18T08:48:23","modified_gmt":"2026-02-18T08:48:23","slug":"kasulikku","status":"publish","type":"page","link":"https:\/\/dianapiirsalu.eu\/en\/kasulikku\/","title":{"rendered":"Kasulikku"},"content":{"rendered":"<div data-elementor-type=\"wp-page\" data-elementor-id=\"2055\" class=\"elementor elementor-2055\">\n\t\t\t\t<div class=\"elementor-element elementor-element-96508b3 e-flex e-con-boxed wpr-particle-no wpr-jarallax-no wpr-parallax-no wpr-sticky-section-no e-con e-parent\" data-id=\"96508b3\" data-element_type=\"container\" data-settings=\"{&quot;background_background&quot;:&quot;classic&quot;}\">\n\t\t\t\t\t<div class=\"e-con-inner\">\n\t\t\t\t<div class=\"elementor-element elementor-element-a822852 elementor-widget elementor-widget-heading\" data-id=\"a822852\" data-element_type=\"widget\" data-widget_type=\"heading.default\">\n\t\t\t\t<div class=\"elementor-widget-container\">\n\t\t\t\t\t<h2 class=\"elementor-heading-title elementor-size-default\">Kasulikku lugemist<\/h2>\t\t\t\t<\/div>\n\t\t\t\t<\/div>\n\t\t\t\t\t<\/div>\n\t\t\t\t<\/div>\n\t\t<div class=\"elementor-element elementor-element-3dc9c77 elementor-hidden-mobile e-flex e-con-boxed wpr-particle-no wpr-jarallax-no wpr-parallax-no wpr-sticky-section-no e-con e-parent\" data-id=\"3dc9c77\" data-element_type=\"container\">\n\t\t\t\t\t<div class=\"e-con-inner\">\n\t\t\t\t<div class=\"elementor-element elementor-element-0827f6d wpr-grid-columns-3 wpr-grid-columns--tablet2 wpr-grid-columns--mobile1 wpr-grid-pagination-center wpr-item-styles-inner elementor-widget elementor-widget-wpr-grid\" data-id=\"0827f6d\" data-element_type=\"widget\" data-widget_type=\"wpr-grid.default\">\n\t\t\t\t<div class=\"elementor-widget-container\">\n\t\t\t\t\t<ul class=\"wpr-grid-filters elementor-clearfix wpr-grid-filters-sep-right\"><li class=\"wpr-pointer-none wpr-pointer-line-fx wpr-pointer-fx-none\"><span  data-filter=\"*\" class=\"wpr-grid-filters-item wpr-active-filter\">K\u00f5ik postitused<\/span><em class=\"wpr-grid-filters-sep\"><\/em><\/li><li class=\"wpr-pointer-none wpr-pointer-line-fx wpr-pointer-fx-none\"><span   data-ajax-filter=\"[\"category\",\"looduse-joud\"]\" data-filter=\".category-looduse-joud\">Looduse j\u00f5ud<\/span><em class=\"wpr-grid-filters-sep\"><\/em><\/li><li class=\"wpr-pointer-none wpr-pointer-line-fx wpr-pointer-fx-none\"><span   data-ajax-filter=\"[\"category\",\"motteterad\"]\" data-filter=\".category-motteterad\">M\u00f5tteterad<\/span><em class=\"wpr-grid-filters-sep\"><\/em><\/li><\/ul><section class=\"wpr-grid elementor-clearfix\" data-settings=\"{&quot;layout&quot;:&quot;fitRows&quot;,&quot;stick_last_element_to_bottom&quot;:&quot;&quot;,&quot;columns_desktop&quot;:&quot;3&quot;,&quot;gutter_hr&quot;:20,&quot;gutter_hr_mobile&quot;:20,&quot;gutter_hr_mobile_extra&quot;:20,&quot;gutter_hr_tablet&quot;:20,&quot;gutter_hr_tablet_extra&quot;:20,&quot;gutter_hr_laptop&quot;:20,&quot;gutter_hr_widescreen&quot;:20,&quot;gutter_vr&quot;:20,&quot;gutter_vr_mobile&quot;:20,&quot;gutter_vr_mobile_extra&quot;:20,&quot;gutter_vr_tablet&quot;:20,&quot;gutter_vr_tablet_extra&quot;:20,&quot;gutter_vr_laptop&quot;:20,&quot;gutter_vr_widescreen&quot;:20,&quot;animation&quot;:&quot;default&quot;,&quot;animation_duration&quot;:0.3,&quot;animation_delay&quot;:0.1,&quot;deeplinking&quot;:&quot;&quot;,&quot;filters_linkable&quot;:&quot;no&quot;,&quot;filters_default_filter&quot;:&quot;&quot;,&quot;filters_count&quot;:&quot;&quot;,&quot;filters_hide_empty&quot;:&quot;no&quot;,&quot;filters_animation&quot;:&quot;default&quot;,&quot;filters_animation_duration&quot;:0.3,&quot;filters_animation_delay&quot;:0.1,&quot;pagination_type&quot;:&quot;load-more&quot;,&quot;pagination_max_pages&quot;:1,&quot;lightbox&quot;:{&quot;selector&quot;:&quot;.wpr-grid-image-wrap&quot;,&quot;iframeMaxWidth&quot;:&quot;60%&quot;,&quot;hash&quot;:false,&quot;autoplay&quot;:&quot;true&quot;,&quot;pause&quot;:5000,&quot;progressBar&quot;:&quot;true&quot;,&quot;counter&quot;:&quot;true&quot;,&quot;controls&quot;:&quot;true&quot;,&quot;getCaptionFromTitleOrAlt&quot;:&quot;true&quot;,&quot;thumbnail&quot;:&quot;&quot;,&quot;showThumbByDefault&quot;:&quot;&quot;,&quot;share&quot;:&quot;&quot;,&quot;zoom&quot;:&quot;true&quot;,&quot;fullScreen&quot;:&quot;true&quot;,&quot;download&quot;:&quot;true&quot;}}\" data-advanced-filters=\"no\"><article class=\"wpr-grid-item elementor-clearfix post-5572 post type-post status-publish format-standard hentry category-motteterad\"><div class=\"wpr-grid-item-inner\"><div class=\"wpr-grid-item-below-content elementor-clearfix\"><h2 class=\"wpr-grid-item-title elementor-repeater-item-752efdb wpr-grid-item-display-block wpr-grid-item-align-left wpr-pointer-none wpr-pointer-line-fx wpr-pointer-fx-fade\"><div class=\"inner-block\"><a target=\"_self\"  href=\"https:\/\/dianapiirsalu.eu\/en\/minu-valik-iga-paev\/\">Minu valik iga p\u00e4ev<\/a><\/div><\/h2><div class=\"wpr-grid-item-excerpt elementor-repeater-item-744d552 wpr-grid-item-display-block wpr-grid-item-align-left\"><div class=\"inner-block\"><p>Ma ei pea olema t\u00e4iuslik,aga ma saan iga p\u00e4ev olla parem inimene.Ma valin olla hea.Ma...<\/p><\/div><\/div><div class=\"wpr-grid-item-read-more elementor-repeater-item-46fc2ed wpr-grid-item-display-block wpr-grid-item-align-left\"><div class=\"inner-block\"><a target=\"_self\" href=\"https:\/\/dianapiirsalu.eu\/en\/minu-valik-iga-paev\/\" class=\"wpr-button-effect wpr-button-none\"><span>Loe<\/span><\/a><\/div><\/div><\/div><\/div><\/article><article class=\"wpr-grid-item elementor-clearfix post-5567 post type-post status-publish format-standard hentry category-motteterad\"><div class=\"wpr-grid-item-inner\"><div class=\"wpr-grid-item-below-content elementor-clearfix\"><h2 class=\"wpr-grid-item-title elementor-repeater-item-752efdb wpr-grid-item-display-block wpr-grid-item-align-left wpr-pointer-none wpr-pointer-line-fx wpr-pointer-fx-fade\"><div class=\"inner-block\"><a target=\"_self\"  href=\"https:\/\/dianapiirsalu.eu\/en\/kuninganna\/\">Kuninganna<\/a><\/div><\/h2><div class=\"wpr-grid-item-excerpt elementor-repeater-item-744d552 wpr-grid-item-display-block wpr-grid-item-align-left\"><div class=\"inner-block\"><p>Lihtsa naise k\u00f5rval saab iga mees tunda end v\u00e4gevana\u2026Aga Kuninganna k\u00f5rval saab k\u00f5ndida vaid t\u00f5eline...<\/p><\/div><\/div><div class=\"wpr-grid-item-read-more elementor-repeater-item-46fc2ed wpr-grid-item-display-block wpr-grid-item-align-left\"><div class=\"inner-block\"><a target=\"_self\" href=\"https:\/\/dianapiirsalu.eu\/en\/kuninganna\/\" class=\"wpr-button-effect wpr-button-none\"><span>Loe<\/span><\/a><\/div><\/div><\/div><\/div><\/article><article class=\"wpr-grid-item elementor-clearfix post-5562 post type-post status-publish format-standard hentry category-motteterad\"><div class=\"wpr-grid-item-inner\"><div class=\"wpr-grid-item-below-content elementor-clearfix\"><h2 class=\"wpr-grid-item-title elementor-repeater-item-752efdb wpr-grid-item-display-block wpr-grid-item-align-left wpr-pointer-none wpr-pointer-line-fx wpr-pointer-fx-fade\"><div class=\"inner-block\"><a target=\"_self\"  href=\"https:\/\/dianapiirsalu.eu\/en\/vanemate-tarkus-ja-uus-avastus\/\">Vanemate tarkus ja uus avastus<\/a><\/div><\/h2><div class=\"wpr-grid-item-excerpt elementor-repeater-item-744d552 wpr-grid-item-display-block wpr-grid-item-align-left\"><div class=\"inner-block\"><p>Vanaemad teadsid midagi, mida t\u00e4nap\u00e4eva inimene on vahepeal unustanud. Nad ei kartnud loodust, sest nad...<\/p><\/div><\/div><div class=\"wpr-grid-item-read-more elementor-repeater-item-46fc2ed wpr-grid-item-display-block wpr-grid-item-align-left\"><div class=\"inner-block\"><a target=\"_self\" href=\"https:\/\/dianapiirsalu.eu\/en\/vanemate-tarkus-ja-uus-avastus\/\" class=\"wpr-button-effect wpr-button-none\"><span>Loe<\/span><\/a><\/div><\/div><\/div><\/div><\/article><article class=\"wpr-grid-item elementor-clearfix post-5551 post type-post status-publish format-standard hentry category-looduse-joud\"><div class=\"wpr-grid-item-inner\"><div class=\"wpr-grid-item-below-content elementor-clearfix\"><h2 class=\"wpr-grid-item-title elementor-repeater-item-752efdb wpr-grid-item-display-block wpr-grid-item-align-left wpr-pointer-none wpr-pointer-line-fx wpr-pointer-fx-fade\"><div class=\"inner-block\"><a target=\"_self\"  href=\"https:\/\/dianapiirsalu.eu\/en\/angervaksa-lugu-see-kes-kutsub-rahu\/\">Angervaksa lugu: &#8220;See, kes kutsub rahu.&#8221;<\/a><\/div><\/h2><div class=\"wpr-grid-item-excerpt elementor-repeater-item-744d552 wpr-grid-item-display-block wpr-grid-item-align-left\"><div class=\"inner-block\"><p>\u00dchel vaiksel hommikul, mil kaste veel silitas rohuliblesid ja p\u00e4ike alles avas silmi, k\u00f5ndis v\u00e4ike...<\/p><\/div><\/div><div class=\"wpr-grid-item-read-more elementor-repeater-item-46fc2ed wpr-grid-item-display-block wpr-grid-item-align-left\"><div class=\"inner-block\"><a target=\"_self\" href=\"https:\/\/dianapiirsalu.eu\/en\/angervaksa-lugu-see-kes-kutsub-rahu\/\" class=\"wpr-button-effect wpr-button-none\"><span>Loe<\/span><\/a><\/div><\/div><\/div><\/div><\/article><\/section>\t\t\t\t<\/div>\n\t\t\t\t<\/div>\n\t\t\t\t\t<\/div>\n\t\t\t\t<\/div>\n\t\t<div class=\"elementor-element elementor-element-2edcd93 elementor-hidden-desktop elementor-hidden-tablet e-flex e-con-boxed wpr-particle-no wpr-jarallax-no wpr-parallax-no wpr-sticky-section-no e-con e-parent\" data-id=\"2edcd93\" data-element_type=\"container\">\n\t\t\t\t\t<div class=\"e-con-inner\">\n\t\t\t\t<div class=\"elementor-element elementor-element-c5e6bc2 wpr-grid-columns-3 wpr-grid-columns--tablet2 wpr-grid-columns--mobile1 wpr-grid-pagination-center wpr-item-styles-inner elementor-widget elementor-widget-wpr-grid\" data-id=\"c5e6bc2\" data-element_type=\"widget\" data-widget_type=\"wpr-grid.default\">\n\t\t\t\t<div class=\"elementor-widget-container\">\n\t\t\t\t\t<ul class=\"wpr-grid-filters elementor-clearfix wpr-grid-filters-sep-right\"><li class=\"wpr-pointer-none wpr-pointer-line-fx wpr-pointer-fx-none\"><span  data-filter=\"*\" class=\"wpr-grid-filters-item wpr-active-filter\">K\u00f5ik postitused<\/span><em class=\"wpr-grid-filters-sep\"><\/em><\/li><li class=\"wpr-pointer-none wpr-pointer-line-fx wpr-pointer-fx-none\"><span   data-ajax-filter=\"[\"category\",\"looduse-joud\"]\" data-filter=\".category-looduse-joud\">Looduse j\u00f5ud<\/span><em class=\"wpr-grid-filters-sep\"><\/em><\/li><li class=\"wpr-pointer-none wpr-pointer-line-fx wpr-pointer-fx-none\"><span   data-ajax-filter=\"[\"category\",\"motteterad\"]\" data-filter=\".category-motteterad\">M\u00f5tteterad<\/span><em class=\"wpr-grid-filters-sep\"><\/em><\/li><\/ul><section class=\"wpr-grid elementor-clearfix\" data-settings=\"{&quot;layout&quot;:&quot;fitRows&quot;,&quot;stick_last_element_to_bottom&quot;:&quot;&quot;,&quot;columns_desktop&quot;:&quot;3&quot;,&quot;gutter_hr&quot;:20,&quot;gutter_hr_mobile&quot;:20,&quot;gutter_hr_mobile_extra&quot;:20,&quot;gutter_hr_tablet&quot;:20,&quot;gutter_hr_tablet_extra&quot;:20,&quot;gutter_hr_laptop&quot;:20,&quot;gutter_hr_widescreen&quot;:20,&quot;gutter_vr&quot;:20,&quot;gutter_vr_mobile&quot;:20,&quot;gutter_vr_mobile_extra&quot;:20,&quot;gutter_vr_tablet&quot;:20,&quot;gutter_vr_tablet_extra&quot;:20,&quot;gutter_vr_laptop&quot;:20,&quot;gutter_vr_widescreen&quot;:20,&quot;animation&quot;:&quot;default&quot;,&quot;animation_duration&quot;:0.3,&quot;animation_delay&quot;:0.1,&quot;deeplinking&quot;:&quot;&quot;,&quot;filters_linkable&quot;:&quot;no&quot;,&quot;filters_default_filter&quot;:&quot;&quot;,&quot;filters_count&quot;:&quot;&quot;,&quot;filters_hide_empty&quot;:&quot;no&quot;,&quot;filters_animation&quot;:&quot;default&quot;,&quot;filters_animation_duration&quot;:0.3,&quot;filters_animation_delay&quot;:0.1,&quot;pagination_type&quot;:&quot;load-more&quot;,&quot;pagination_max_pages&quot;:1,&quot;lightbox&quot;:{&quot;selector&quot;:&quot;.wpr-grid-image-wrap&quot;,&quot;iframeMaxWidth&quot;:&quot;60%&quot;,&quot;hash&quot;:false,&quot;autoplay&quot;:&quot;true&quot;,&quot;pause&quot;:5000,&quot;progressBar&quot;:&quot;true&quot;,&quot;counter&quot;:&quot;true&quot;,&quot;controls&quot;:&quot;true&quot;,&quot;getCaptionFromTitleOrAlt&quot;:&quot;true&quot;,&quot;thumbnail&quot;:&quot;&quot;,&quot;showThumbByDefault&quot;:&quot;&quot;,&quot;share&quot;:&quot;&quot;,&quot;zoom&quot;:&quot;true&quot;,&quot;fullScreen&quot;:&quot;true&quot;,&quot;download&quot;:&quot;true&quot;}}\" data-advanced-filters=\"no\"><article class=\"wpr-grid-item elementor-clearfix post-5572 post type-post status-publish format-standard hentry category-motteterad\"><div class=\"wpr-grid-item-inner\"><div class=\"wpr-grid-item-below-content elementor-clearfix\"><h2 class=\"wpr-grid-item-title elementor-repeater-item-752efdb wpr-grid-item-display-block wpr-grid-item-align-center wpr-pointer-none wpr-pointer-line-fx wpr-pointer-fx-fade\"><div class=\"inner-block\"><a target=\"_self\"  href=\"https:\/\/dianapiirsalu.eu\/en\/minu-valik-iga-paev\/\">Minu valik iga p\u00e4ev<\/a><\/div><\/h2><div class=\"wpr-grid-item-excerpt elementor-repeater-item-744d552 wpr-grid-item-display-block wpr-grid-item-align-center\"><div class=\"inner-block\"><p>Ma ei pea olema t\u00e4iuslik,aga ma saan iga p\u00e4ev olla parem inimene.Ma valin olla hea.Ma...<\/p><\/div><\/div><div class=\"wpr-grid-item-read-more elementor-repeater-item-46fc2ed wpr-grid-item-display-block wpr-grid-item-align-center\"><div class=\"inner-block\"><a target=\"_self\" href=\"https:\/\/dianapiirsalu.eu\/en\/minu-valik-iga-paev\/\" class=\"wpr-button-effect wpr-button-none\"><span>Loe postitust<\/span><\/a><\/div><\/div><\/div><\/div><\/article><article class=\"wpr-grid-item elementor-clearfix post-5567 post type-post status-publish format-standard hentry category-motteterad\"><div class=\"wpr-grid-item-inner\"><div class=\"wpr-grid-item-below-content elementor-clearfix\"><h2 class=\"wpr-grid-item-title elementor-repeater-item-752efdb wpr-grid-item-display-block wpr-grid-item-align-center wpr-pointer-none wpr-pointer-line-fx wpr-pointer-fx-fade\"><div class=\"inner-block\"><a target=\"_self\"  href=\"https:\/\/dianapiirsalu.eu\/en\/kuninganna\/\">Kuninganna<\/a><\/div><\/h2><div class=\"wpr-grid-item-excerpt elementor-repeater-item-744d552 wpr-grid-item-display-block wpr-grid-item-align-center\"><div class=\"inner-block\"><p>Lihtsa naise k\u00f5rval saab iga mees tunda end v\u00e4gevana\u2026Aga Kuninganna k\u00f5rval saab k\u00f5ndida vaid t\u00f5eline...<\/p><\/div><\/div><div class=\"wpr-grid-item-read-more elementor-repeater-item-46fc2ed wpr-grid-item-display-block wpr-grid-item-align-center\"><div class=\"inner-block\"><a target=\"_self\" href=\"https:\/\/dianapiirsalu.eu\/en\/kuninganna\/\" class=\"wpr-button-effect wpr-button-none\"><span>Loe postitust<\/span><\/a><\/div><\/div><\/div><\/div><\/article><article class=\"wpr-grid-item elementor-clearfix post-5562 post type-post status-publish format-standard hentry category-motteterad\"><div class=\"wpr-grid-item-inner\"><div class=\"wpr-grid-item-below-content elementor-clearfix\"><h2 class=\"wpr-grid-item-title elementor-repeater-item-752efdb wpr-grid-item-display-block wpr-grid-item-align-center wpr-pointer-none wpr-pointer-line-fx wpr-pointer-fx-fade\"><div class=\"inner-block\"><a target=\"_self\"  href=\"https:\/\/dianapiirsalu.eu\/en\/vanemate-tarkus-ja-uus-avastus\/\">Vanemate tarkus ja uus avastus<\/a><\/div><\/h2><div class=\"wpr-grid-item-excerpt elementor-repeater-item-744d552 wpr-grid-item-display-block wpr-grid-item-align-center\"><div class=\"inner-block\"><p>Vanaemad teadsid midagi, mida t\u00e4nap\u00e4eva inimene on vahepeal unustanud. Nad ei kartnud loodust, sest nad...<\/p><\/div><\/div><div class=\"wpr-grid-item-read-more elementor-repeater-item-46fc2ed wpr-grid-item-display-block wpr-grid-item-align-center\"><div class=\"inner-block\"><a target=\"_self\" href=\"https:\/\/dianapiirsalu.eu\/en\/vanemate-tarkus-ja-uus-avastus\/\" class=\"wpr-button-effect wpr-button-none\"><span>Loe postitust<\/span><\/a><\/div><\/div><\/div><\/div><\/article><article class=\"wpr-grid-item elementor-clearfix post-5551 post type-post status-publish format-standard hentry category-looduse-joud\"><div class=\"wpr-grid-item-inner\"><div class=\"wpr-grid-item-below-content elementor-clearfix\"><h2 class=\"wpr-grid-item-title elementor-repeater-item-752efdb wpr-grid-item-display-block wpr-grid-item-align-center wpr-pointer-none wpr-pointer-line-fx wpr-pointer-fx-fade\"><div class=\"inner-block\"><a target=\"_self\"  href=\"https:\/\/dianapiirsalu.eu\/en\/angervaksa-lugu-see-kes-kutsub-rahu\/\">Angervaksa lugu: &#8220;See, kes kutsub rahu.&#8221;<\/a><\/div><\/h2><div class=\"wpr-grid-item-excerpt elementor-repeater-item-744d552 wpr-grid-item-display-block wpr-grid-item-align-center\"><div class=\"inner-block\"><p>\u00dchel vaiksel hommikul, mil kaste veel silitas rohuliblesid ja p\u00e4ike alles avas silmi, k\u00f5ndis v\u00e4ike...<\/p><\/div><\/div><div class=\"wpr-grid-item-read-more elementor-repeater-item-46fc2ed wpr-grid-item-display-block wpr-grid-item-align-center\"><div class=\"inner-block\"><a target=\"_self\" href=\"https:\/\/dianapiirsalu.eu\/en\/angervaksa-lugu-see-kes-kutsub-rahu\/\" class=\"wpr-button-effect wpr-button-none\"><span>Loe postitust<\/span><\/a><\/div><\/div><\/div><\/div><\/article><\/section>\t\t\t\t<\/div>\n\t\t\t\t<\/div>\n\t\t\t\t\t<\/div>\n\t\t\t\t<\/div>\n\t\t\t\t<\/div>","protected":false},"excerpt":{"rendered":"<p>Kasulikku lugemist K\u00f5ik postitused Looduse j\u00f5ud M\u00f5tteterad Minu valik iga p\u00e4ev Ma ei pea olema t\u00e4iuslik,aga ma saan iga p\u00e4ev olla parem inimene.Ma valin olla hea.Ma&#8230; Loe Kuninganna Lihtsa naise k\u00f5rval saab iga mees tunda end v\u00e4gevana\u2026Aga Kuninganna k\u00f5rval saab k\u00f5ndida vaid t\u00f5eline&#8230; Loe Vanemate tarkus ja uus avastus Vanaemad teadsid midagi, mida t\u00e4nap\u00e4eva inimene on vahepeal unustanud. Nad ei kartnud loodust, sest nad&#8230; Loe Angervaksa lugu: &#8220;See, kes kutsub rahu.&#8221; \u00dchel vaiksel hommikul, mil kaste veel silitas rohuliblesid ja p\u00e4ike alles avas silmi, k\u00f5ndis v\u00e4ike&#8230; Loe K\u00f5ik postitused Looduse j\u00f5ud M\u00f5tteterad Minu valik iga p\u00e4ev Ma ei pea olema t\u00e4iuslik,aga ma saan iga p\u00e4ev olla parem inimene.Ma valin olla hea.Ma&#8230; Loe postitust Kuninganna Lihtsa naise k\u00f5rval saab iga mees tunda end v\u00e4gevana\u2026Aga Kuninganna k\u00f5rval saab k\u00f5ndida vaid t\u00f5eline&#8230; Loe postitust Vanemate tarkus ja uus avastus Vanaemad teadsid midagi, mida t\u00e4nap\u00e4eva inimene on vahepeal unustanud. Nad ei kartnud loodust, sest nad&#8230; Loe postitust Angervaksa lugu: &#8220;See, kes kutsub rahu.&#8221; \u00dchel vaiksel hommikul, mil kaste veel silitas rohuliblesid ja p\u00e4ike alles avas silmi, k\u00f5ndis v\u00e4ike&#8230; Loe postitust<\/p>","protected":false},"author":1,"featured_media":0,"parent":0,"menu_order":0,"comment_status":"closed","ping_status":"closed","template":"","meta":{"_eb_attr":"","site-sidebar-layout":"no-sidebar","site-content-layout":"page-builder","ast-site-content-layout":"full-width-container","site-content-style":"default","site-sidebar-style":"default","ast-global-header-display":"","ast-banner-title-visibility":"","ast-main-header-display":"","ast-hfb-above-header-display":"","ast-hfb-below-header-display":"","ast-hfb-mobile-header-display":"","site-post-title":"disabled","ast-breadcrumbs-content":"","ast-featured-img":"disabled","footer-sml-layout":"","theme-transparent-header-meta":"","adv-header-id-meta":"","stick-header-meta":"","header-above-stick-meta":"","header-main-stick-meta":"","header-below-stick-meta":"","astra-migrate-meta-layouts":"default","ast-page-background-enabled":"default","ast-page-background-meta":{"desktop":{"background-color":"var(--ast-global-color-4)","background-image":"","background-repeat":"repeat","background-position":"center center","background-size":"auto","background-attachment":"scroll","background-type":"","background-media":"","overlay-type":"","overlay-color":"","overlay-opacity":"","overlay-gradient":""},"tablet":{"background-color":"","background-image":"","background-repeat":"repeat","background-position":"center center","background-size":"auto","background-attachment":"scroll","background-type":"","background-media":"","overlay-type":"","overlay-color":"","overlay-opacity":"","overlay-gradient":""},"mobile":{"background-color":"","background-image":"","background-repeat":"repeat","background-position":"center center","background-size":"auto","background-attachment":"scroll","background-type":"","background-media":"","overlay-type":"","overlay-color":"","overlay-opacity":"","overlay-gradient":""}},"ast-content-background-meta":{"desktop":{"background-color":"var(--ast-global-color-5)","background-image":"","background-repeat":"repeat","background-position":"center center","background-size":"auto","background-attachment":"scroll","background-type":"","background-media":"","overlay-type":"","overlay-color":"","overlay-opacity":"","overlay-gradient":""},"tablet":{"background-color":"var(--ast-global-color-5)","background-image":"","background-repeat":"repeat","background-position":"center center","background-size":"auto","background-attachment":"scroll","background-type":"","background-media":"","overlay-type":"","overlay-color":"","overlay-opacity":"","overlay-gradient":""},"mobile":{"background-color":"var(--ast-global-color-5)","background-image":"","background-repeat":"repeat","background-position":"center center","background-size":"auto","background-attachment":"scroll","background-type":"","background-media":"","overlay-type":"","overlay-color":"","overlay-opacity":"","overlay-gradient":""}},"footnotes":""},"class_list":["post-2055","page","type-page","status-publish","hentry"],"_hostinger_reach_plugin_has_subscription_block":false,"_hostinger_reach_plugin_is_elementor":false,"rttpg_featured_image_url":null,"rttpg_author":{"display_name":"diana.solom","author_link":"https:\/\/dianapiirsalu.eu\/en\/author\/diana-solom\/"},"rttpg_comment":0,"rttpg_category":"","rttpg_excerpt":"Kasulikku lugemist K\u00f5ik postitused Looduse j\u00f5ud M\u00f5tteterad Minu valik iga p\u00e4ev Ma ei pea olema t\u00e4iuslik,aga ma saan iga p\u00e4ev olla parem inimene.Ma valin olla hea.Ma&#8230; Loe Kuninganna Lihtsa naise k\u00f5rval saab iga mees tunda end v\u00e4gevana\u2026Aga Kuninganna k\u00f5rval saab k\u00f5ndida vaid t\u00f5eline&#8230; Loe Vanemate tarkus ja uus avastus Vanaemad teadsid midagi, mida t\u00e4nap\u00e4eva inimene&hellip;","_links":{"self":[{"href":"https:\/\/dianapiirsalu.eu\/en\/wp-json\/wp\/v2\/pages\/2055","targetHints":{"allow":["GET"]}}],"collection":[{"href":"https:\/\/dianapiirsalu.eu\/en\/wp-json\/wp\/v2\/pages"}],"about":[{"href":"https:\/\/dianapiirsalu.eu\/en\/wp-json\/wp\/v2\/types\/page"}],"author":[{"embeddable":true,"href":"https:\/\/dianapiirsalu.eu\/en\/wp-json\/wp\/v2\/users\/1"}],"replies":[{"embeddable":true,"href":"https:\/\/dianapiirsalu.eu\/en\/wp-json\/wp\/v2\/comments?post=2055"}],"version-history":[{"count":20,"href":"https:\/\/dianapiirsalu.eu\/en\/wp-json\/wp\/v2\/pages\/2055\/revisions"}],"predecessor-version":[{"id":5581,"href":"https:\/\/dianapiirsalu.eu\/en\/wp-json\/wp\/v2\/pages\/2055\/revisions\/5581"}],"wp:attachment":[{"href":"https:\/\/dianapiirsalu.eu\/en\/wp-json\/wp\/v2\/media?parent=2055"}],"curies":[{"name":"wp","href":"https:\/\/api.w.org\/{rel}","templated":true}]}}