{"id":5239,"date":"2025-11-07T13:29:57","date_gmt":"2025-11-07T13:29:57","guid":{"rendered":"https:\/\/dianapiirsalu.eu\/?page_id=5239"},"modified":"2026-02-18T08:48:43","modified_gmt":"2026-02-18T08:48:43","slug":"teenusetingimused","status":"publish","type":"page","link":"https:\/\/dianapiirsalu.eu\/en\/teenusetingimused\/","title":{"rendered":"Teenusetingimused"},"content":{"rendered":"<div data-elementor-type=\"wp-page\" data-elementor-id=\"5239\" class=\"elementor elementor-5239\">\n\t\t\t\t<div class=\"elementor-element elementor-element-8926f4e e-flex e-con-boxed wpr-particle-no wpr-jarallax-no wpr-parallax-no wpr-sticky-section-no e-con e-parent\" data-id=\"8926f4e\" data-element_type=\"container\">\n\t\t\t\t\t<div class=\"e-con-inner\">\n\t\t\t\t<div class=\"elementor-element elementor-element-f1b77b5 elementor-widget elementor-widget-heading\" data-id=\"f1b77b5\" data-element_type=\"widget\" data-widget_type=\"heading.default\">\n\t\t\t\t<div class=\"elementor-widget-container\">\n\t\t\t\t\t<h2 class=\"elementor-heading-title elementor-size-default\">Teenusetingimused<\/h2>\t\t\t\t<\/div>\n\t\t\t\t<\/div>\n\t\t\t\t<div class=\"elementor-element elementor-element-96ea77e elementor-widget elementor-widget-text-editor\" data-id=\"96ea77e\" data-element_type=\"widget\" data-widget_type=\"text-editor.default\">\n\t\t\t\t<div class=\"elementor-widget-container\">\n\t\t\t\t\t\t\t\t\t<p>Veebipoe dianapiirsalu.eu (edaspidi Veebipood) omanik on O\u00dc ValgeValge (registrikood 14165644, juriidilise aadressiga Kadaka pst 10, 10912 Tallinn, Harju maakond.<\/p>\t\t\t\t\t\t\t\t<\/div>\n\t\t\t\t<\/div>\n\t\t\t\t\t<\/div>\n\t\t\t\t<\/div>\n\t\t<div class=\"elementor-element elementor-element-f2ee817 e-flex e-con-boxed wpr-particle-no wpr-jarallax-no wpr-parallax-no wpr-sticky-section-no e-con e-parent\" data-id=\"f2ee817\" data-element_type=\"container\">\n\t\t\t\t\t<div class=\"e-con-inner\">\n\t\t\t\t<div class=\"elementor-element elementor-element-4aa90bd elementor-widget elementor-widget-heading\" data-id=\"4aa90bd\" data-element_type=\"widget\" data-widget_type=\"heading.default\">\n\t\t\t\t<div class=\"elementor-widget-container\">\n\t\t\t\t\t<h2 class=\"elementor-heading-title elementor-size-default\">1. \u00dclds\u00e4tted<\/h2>\t\t\t\t<\/div>\n\t\t\t\t<\/div>\n\t\t\t\t<div class=\"elementor-element elementor-element-49317a2 elementor-widget elementor-widget-text-editor\" data-id=\"49317a2\" data-element_type=\"widget\" data-widget_type=\"text-editor.default\">\n\t\t\t\t<div class=\"elementor-widget-container\">\n\t\t\t\t\t\t\t\t\t<ul><li>K\u00e4esolevad tingimused kehtivad k\u00f5ikidele Veebipoe toodete ja teenuste tellimisele.<\/li><li>Teenuseid kasutades kinnitab klient, et on tutvunud k\u00e4esolevate tingimustega ning n\u00f5ustub neid t\u00e4itma.<\/li><\/ul>\t\t\t\t\t\t\t\t<\/div>\n\t\t\t\t<\/div>\n\t\t\t\t<div class=\"elementor-element elementor-element-9e4cb4e elementor-widget elementor-widget-heading\" data-id=\"9e4cb4e\" data-element_type=\"widget\" data-widget_type=\"heading.default\">\n\t\t\t\t<div class=\"elementor-widget-container\">\n\t\t\t\t\t<h2 class=\"elementor-heading-title elementor-size-default\">2. Tellimuse esitamine<\/h2>\t\t\t\t<\/div>\n\t\t\t\t<\/div>\n\t\t\t\t<div class=\"elementor-element elementor-element-6d8b453 elementor-widget elementor-widget-text-editor\" data-id=\"6d8b453\" data-element_type=\"widget\" data-widget_type=\"text-editor.default\">\n\t\t\t\t<div class=\"elementor-widget-container\">\n\t\t\t\t\t\t\t\t\t<ul><li>Tellimiseks tuleb t\u00e4ita veebilehel olev tellimusvorm.<\/li><li>Peale tellimusvormi t\u00e4itmist v\u00f5tab teenusepakkuja\u00a0 kliendiga \u00fchendust e-posti v\u00f5i telefoni teel, et t\u00e4psustada vajadused, hinnad, valmimise aja ja muud tingimused.<\/li><li>Tellimus j\u00f5ustub alates tasumisele kuuluva summa laekumisest Veebipoe arvelduskontole.<\/li><\/ul>\t\t\t\t\t\t\t\t<\/div>\n\t\t\t\t<\/div>\n\t\t\t\t<div class=\"elementor-element elementor-element-c610917 elementor-widget elementor-widget-heading\" data-id=\"c610917\" data-element_type=\"widget\" data-widget_type=\"heading.default\">\n\t\t\t\t<div class=\"elementor-widget-container\">\n\t\t\t\t\t<h2 class=\"elementor-heading-title elementor-size-default\">3. Hinnad ja tasumine<\/h2>\t\t\t\t<\/div>\n\t\t\t\t<\/div>\n\t\t\t\t<div class=\"elementor-element elementor-element-cb4669e elementor-widget elementor-widget-text-editor\" data-id=\"cb4669e\" data-element_type=\"widget\" data-widget_type=\"text-editor.default\">\n\t\t\t\t<div class=\"elementor-widget-container\">\n\t\t\t\t\t\t\t\t\t<ul><li>K\u00f5ik hinnad on esitatud eurodes ning ei sisalda k\u00e4ibemaksu, kui ei ole m\u00e4rgitud teisiti.<\/li><li>L\u00f5plik hind s\u00f5ltub tellimuse sisust ja kinnitatakse kliendile enne t\u00f6\u00f6de v\u00f5i valmistamise alustamist.<\/li><li>Tasumine toimub panga\u00fclekandega v\u00f5i muul kokkulepitud viisil. Lehel otse-maksmist ei ole.<\/li><\/ul>\t\t\t\t\t\t\t\t<\/div>\n\t\t\t\t<\/div>\n\t\t\t\t<div class=\"elementor-element elementor-element-fd7caea elementor-widget elementor-widget-heading\" data-id=\"fd7caea\" data-element_type=\"widget\" data-widget_type=\"heading.default\">\n\t\t\t\t<div class=\"elementor-widget-container\">\n\t\t\t\t\t<h2 class=\"elementor-heading-title elementor-size-default\">4. Toodete valmimis- ja tarneaeg<\/h2>\t\t\t\t<\/div>\n\t\t\t\t<\/div>\n\t\t\t\t<div class=\"elementor-element elementor-element-8e0802d elementor-widget elementor-widget-text-editor\" data-id=\"8e0802d\" data-element_type=\"widget\" data-widget_type=\"text-editor.default\">\n\t\t\t\t<div class=\"elementor-widget-container\">\n\t\t\t\t\t\t\t\t\t<ul><li>K\u00f5ik tooted ja r\u00e4tsepat\u00f6\u00f6d valmivad eritellimusel. Seet\u00f5ttu v\u00f5ib tarneaeg varieeruda olenevalt materjalidest, t\u00f6\u00f6mahust ja j\u00e4rjekorrast.<\/li><li>Teenusepakkuja annab tellimuse kinnitamisel orienteeruva valmimisaja. V\u00f5imalikest viivitustest teavitatakse klienti.<\/li><\/ul>\t\t\t\t\t\t\t\t<\/div>\n\t\t\t\t<\/div>\n\t\t\t\t<div class=\"elementor-element elementor-element-fc71d35 elementor-widget elementor-widget-heading\" data-id=\"fc71d35\" data-element_type=\"widget\" data-widget_type=\"heading.default\">\n\t\t\t\t<div class=\"elementor-widget-container\">\n\t\t\t\t\t<h2 class=\"elementor-heading-title elementor-size-default\">5. Tellimuse muutmine, t\u00fchistamine ja taganemis\u00f5igus<\/h2>\t\t\t\t<\/div>\n\t\t\t\t<\/div>\n\t\t\t\t<div class=\"elementor-element elementor-element-5d6bf83 elementor-widget elementor-widget-text-editor\" data-id=\"5d6bf83\" data-element_type=\"widget\" data-widget_type=\"text-editor.default\">\n\t\t\t\t<div class=\"elementor-widget-container\">\n\t\t\t\t\t\t\t\t\t<p><span style=\"text-decoration: underline;\">Tooted ja r\u00e4tsepat\u00f6\u00f6<\/span><\/p><ul><li>Kuna tooted valmivad personaalselt tellimuse alusel, ei ole v\u00f5imalik neid p\u00e4rast t\u00f6\u00f6 alustamist ilma m\u00f5juva p\u00f5hjuseta t\u00fchistada.<\/li><li>Kui klient soovib tellimust muuta, tuleb sellest kohe kirjalikult teada anda. Muudatused v\u00f5ivad m\u00f5jutada hinda ja valmimisaega.<\/li><li data-start=\"2816\" data-end=\"2981\"><p data-start=\"2818\" data-end=\"2981\">Kuna tooted valmivad k\u00e4sit\u00f6\u00f6na eritellimusel, ei kehti standardne 14-p\u00e4evane taganemis\u00f5igus, v\u00e4lja arvatud juhul, kui toode on defektne v\u00f5i ei vasta kokkulepitule. Pretensioonid tuleb esitada 14 p\u00e4eva jooksul p\u00e4rast kauba k\u00e4ttesaamist.<\/p><\/li><\/ul>\t\t\t\t\t\t\t\t<\/div>\n\t\t\t\t<\/div>\n\t\t\t\t<div class=\"elementor-element elementor-element-95a3dd0 elementor-widget elementor-widget-text-editor\" data-id=\"95a3dd0\" data-element_type=\"widget\" data-widget_type=\"text-editor.default\">\n\t\t\t\t<div class=\"elementor-widget-container\">\n\t\t\t\t\t\t\t\t\t<p><span style=\"text-decoration: underline;\">Teenused (t\u00f6\u00f6toad, teraapiad)<\/span><\/p><ul><li>Broneeritud teraapia v\u00f5i t\u00f6\u00f6toa osalemine on v\u00f5imalik t\u00fchistada tasuta kuni 24h enne toimumist.<\/li><li>V\u00e4hem kui 24h enne t\u00fchistades v\u00f5i mitte kohale ilmudes on Teenusepakkujal \u00f5igus n\u00f5uda kuni 50% kokkulepitud summast.<\/li><\/ul>\t\t\t\t\t\t\t\t<\/div>\n\t\t\t\t<\/div>\n\t\t\t\t<div class=\"elementor-element elementor-element-8f7c32d elementor-widget elementor-widget-heading\" data-id=\"8f7c32d\" data-element_type=\"widget\" data-widget_type=\"heading.default\">\n\t\t\t\t<div class=\"elementor-widget-container\">\n\t\t\t\t\t<h2 class=\"elementor-heading-title elementor-size-default\">6. Privatsus ja andmekaitse<\/h2>\t\t\t\t<\/div>\n\t\t\t\t<\/div>\n\t\t\t\t<div class=\"elementor-element elementor-element-4b004e1 elementor-widget elementor-widget-text-editor\" data-id=\"4b004e1\" data-element_type=\"widget\" data-widget_type=\"text-editor.default\">\n\t\t\t\t<div class=\"elementor-widget-container\">\n\t\t\t\t\t\t\t\t\t<ul><li>Tellimuse esitamisel kogutakse vaid neid andmeid, mis on teenuse osutamiseks vajalikud (nimi, kontakt, tellimuse sisu).<\/li><li>K\u00f5ik saadud isiklikud andmed ning jagatud teave on konfidentsiaalsed ja neid ei avaldata kolmandatele isikutele ilma kliendi kirjaliku n\u00f5usolekuta, v\u00e4lja arvatud seadusega etten\u00e4htud juhtudel.<\/li><\/ul>\t\t\t\t\t\t\t\t<\/div>\n\t\t\t\t<\/div>\n\t\t\t\t<div class=\"elementor-element elementor-element-b299252 elementor-widget elementor-widget-heading\" data-id=\"b299252\" data-element_type=\"widget\" data-widget_type=\"heading.default\">\n\t\t\t\t<div class=\"elementor-widget-container\">\n\t\t\t\t\t<h2 class=\"elementor-heading-title elementor-size-default\">7. Vastutus<\/h2>\t\t\t\t<\/div>\n\t\t\t\t<\/div>\n\t\t\t\t<div class=\"elementor-element elementor-element-2fa0f14 elementor-widget elementor-widget-text-editor\" data-id=\"2fa0f14\" data-element_type=\"widget\" data-widget_type=\"text-editor.default\">\n\t\t\t\t<div class=\"elementor-widget-container\">\n\t\t\t\t\t\t\t\t\t<ul><li>Teenusepakkuja ei vastuta viivituste v\u00f5i kahjude eest, mis on p\u00f5hjustatud asjaoludest, mis ei ole tema kontrolli all (n\u00e4iteks tarneahela h\u00e4ired, ootamatud materjalipuudused, loodusj\u00f5ud, transpordit\u00f5rked jms).<\/li><li>Kosmeetikatoodete kasutamisel vastutab klient ise selle eest, et ta ei oleks toodete koostisosade suhtes allergiline ega talumatu.<\/li><li>Pakutavad teraapiad ei asenda meditsiinilist ravi ega professionaalset tervishoiuteenust.<\/li><\/ul>\t\t\t\t\t\t\t\t<\/div>\n\t\t\t\t<\/div>\n\t\t\t\t<div class=\"elementor-element elementor-element-d811c4a elementor-widget elementor-widget-heading\" data-id=\"d811c4a\" data-element_type=\"widget\" data-widget_type=\"heading.default\">\n\t\t\t\t<div class=\"elementor-widget-container\">\n\t\t\t\t\t<h2 class=\"elementor-heading-title elementor-size-default\">8. Kontakt<\/h2>\t\t\t\t<\/div>\n\t\t\t\t<\/div>\n\t\t\t\t<div class=\"elementor-element elementor-element-94a79e5 elementor-widget elementor-widget-text-editor\" data-id=\"94a79e5\" data-element_type=\"widget\" data-widget_type=\"text-editor.default\">\n\t\t\t\t<div class=\"elementor-widget-container\">\n\t\t\t\t\t\t\t\t\t<p>K\u00f5ik k\u00fcsimused, tagasiside v\u00f5i t\u00fchistamisteated palun saata:<\/p><p>piirsalu.diana@gmail.com<\/p><p>v\u00f5i helistada +372 5621 8786<\/p>\t\t\t\t\t\t\t\t<\/div>\n\t\t\t\t<\/div>\n\t\t\t\t\t<\/div>\n\t\t\t\t<\/div>\n\t\t\t\t<\/div>","protected":false},"excerpt":{"rendered":"<p>Teenusetingimused Veebipoe dianapiirsalu.eu (edaspidi Veebipood) omanik on O\u00dc ValgeValge (registrikood 14165644, juriidilise aadressiga Kadaka pst 10, 10912 Tallinn, Harju maakond. 1. \u00dclds\u00e4tted K\u00e4esolevad tingimused kehtivad k\u00f5ikidele Veebipoe toodete ja teenuste tellimisele. Teenuseid kasutades kinnitab klient, et on tutvunud k\u00e4esolevate tingimustega ning n\u00f5ustub neid t\u00e4itma. 2. Tellimuse esitamine Tellimiseks tuleb t\u00e4ita veebilehel olev tellimusvorm. Peale tellimusvormi t\u00e4itmist v\u00f5tab teenusepakkuja\u00a0 kliendiga \u00fchendust e-posti v\u00f5i telefoni teel, et t\u00e4psustada vajadused, hinnad, valmimise aja ja muud tingimused. Tellimus j\u00f5ustub alates tasumisele kuuluva summa laekumisest Veebipoe arvelduskontole. 3. Hinnad ja tasumine K\u00f5ik hinnad on esitatud eurodes ning ei sisalda k\u00e4ibemaksu, kui ei ole m\u00e4rgitud teisiti. L\u00f5plik hind s\u00f5ltub tellimuse sisust ja kinnitatakse kliendile enne t\u00f6\u00f6de v\u00f5i valmistamise alustamist. Tasumine toimub panga\u00fclekandega v\u00f5i muul kokkulepitud viisil. Lehel otse-maksmist ei ole. 4. Toodete valmimis- ja tarneaeg K\u00f5ik tooted ja r\u00e4tsepat\u00f6\u00f6d valmivad eritellimusel. Seet\u00f5ttu v\u00f5ib tarneaeg varieeruda olenevalt materjalidest, t\u00f6\u00f6mahust ja j\u00e4rjekorrast. Teenusepakkuja annab tellimuse kinnitamisel orienteeruva valmimisaja. V\u00f5imalikest viivitustest teavitatakse klienti. 5. Tellimuse muutmine, t\u00fchistamine ja taganemis\u00f5igus Tooted ja r\u00e4tsepat\u00f6\u00f6 Kuna tooted valmivad personaalselt tellimuse alusel, ei ole v\u00f5imalik neid p\u00e4rast t\u00f6\u00f6 alustamist ilma m\u00f5juva p\u00f5hjuseta t\u00fchistada. Kui klient soovib tellimust muuta, tuleb sellest kohe kirjalikult teada anda. Muudatused v\u00f5ivad m\u00f5jutada hinda ja valmimisaega. Kuna tooted valmivad k\u00e4sit\u00f6\u00f6na eritellimusel, ei kehti standardne 14-p\u00e4evane taganemis\u00f5igus, v\u00e4lja arvatud juhul, kui toode on defektne v\u00f5i ei vasta kokkulepitule. Pretensioonid tuleb esitada 14 p\u00e4eva jooksul p\u00e4rast kauba k\u00e4ttesaamist. Teenused (t\u00f6\u00f6toad, teraapiad) Broneeritud teraapia v\u00f5i t\u00f6\u00f6toa osalemine on v\u00f5imalik t\u00fchistada tasuta kuni 24h enne toimumist. V\u00e4hem kui 24h enne t\u00fchistades v\u00f5i mitte kohale ilmudes on Teenusepakkujal \u00f5igus n\u00f5uda kuni 50% kokkulepitud summast. 6. Privatsus ja andmekaitse Tellimuse esitamisel kogutakse vaid neid andmeid, mis on teenuse osutamiseks vajalikud (nimi, kontakt, tellimuse sisu). K\u00f5ik saadud isiklikud andmed ning jagatud teave on konfidentsiaalsed ja neid ei avaldata kolmandatele isikutele ilma kliendi kirjaliku n\u00f5usolekuta, v\u00e4lja arvatud seadusega etten\u00e4htud juhtudel. 7. Vastutus Teenusepakkuja ei vastuta viivituste v\u00f5i kahjude eest, mis on p\u00f5hjustatud asjaoludest, mis ei ole tema kontrolli all (n\u00e4iteks tarneahela h\u00e4ired, ootamatud materjalipuudused, loodusj\u00f5ud, transpordit\u00f5rked jms). Kosmeetikatoodete kasutamisel vastutab klient ise selle eest, et ta ei oleks toodete koostisosade suhtes allergiline ega talumatu. Pakutavad teraapiad ei asenda meditsiinilist ravi ega professionaalset tervishoiuteenust. 8. Kontakt K\u00f5ik k\u00fcsimused, tagasiside v\u00f5i t\u00fchistamisteated palun saata: piirsalu.diana@gmail.com v\u00f5i helistada +372 5621 8786<\/p>","protected":false},"author":1,"featured_media":0,"parent":0,"menu_order":0,"comment_status":"closed","ping_status":"closed","template":"","meta":{"_eb_attr":"","site-sidebar-layout":"no-sidebar","site-content-layout":"page-builder","ast-site-content-layout":"full-width-container","site-content-style":"default","site-sidebar-style":"default","ast-global-header-display":"","ast-banner-title-visibility":"","ast-main-header-display":"","ast-hfb-above-header-display":"","ast-hfb-below-header-display":"","ast-hfb-mobile-header-display":"","site-post-title":"disabled","ast-breadcrumbs-content":"","ast-featured-img":"disabled","footer-sml-layout":"","theme-transparent-header-meta":"","adv-header-id-meta":"","stick-header-meta":"","header-above-stick-meta":"","header-main-stick-meta":"","header-below-stick-meta":"","astra-migrate-meta-layouts":"default","ast-page-background-enabled":"default","ast-page-background-meta":{"desktop":{"background-color":"var(--ast-global-color-4)","background-image":"","background-repeat":"repeat","background-position":"center center","background-size":"auto","background-attachment":"scroll","background-type":"","background-media":"","overlay-type":"","overlay-color":"","overlay-opacity":"","overlay-gradient":""},"tablet":{"background-color":"","background-image":"","background-repeat":"repeat","background-position":"center center","background-size":"auto","background-attachment":"scroll","background-type":"","background-media":"","overlay-type":"","overlay-color":"","overlay-opacity":"","overlay-gradient":""},"mobile":{"background-color":"","background-image":"","background-repeat":"repeat","background-position":"center center","background-size":"auto","background-attachment":"scroll","background-type":"","background-media":"","overlay-type":"","overlay-color":"","overlay-opacity":"","overlay-gradient":""}},"ast-content-background-meta":{"desktop":{"background-color":"var(--ast-global-color-5)","background-image":"","background-repeat":"repeat","background-position":"center center","background-size":"auto","background-attachment":"scroll","background-type":"","background-media":"","overlay-type":"","overlay-color":"","overlay-opacity":"","overlay-gradient":""},"tablet":{"background-color":"var(--ast-global-color-5)","background-image":"","background-repeat":"repeat","background-position":"center center","background-size":"auto","background-attachment":"scroll","background-type":"","background-media":"","overlay-type":"","overlay-color":"","overlay-opacity":"","overlay-gradient":""},"mobile":{"background-color":"var(--ast-global-color-5)","background-image":"","background-repeat":"repeat","background-position":"center center","background-size":"auto","background-attachment":"scroll","background-type":"","background-media":"","overlay-type":"","overlay-color":"","overlay-opacity":"","overlay-gradient":""}},"footnotes":""},"class_list":["post-5239","page","type-page","status-publish","hentry"],"_hostinger_reach_plugin_has_subscription_block":false,"_hostinger_reach_plugin_is_elementor":false,"rttpg_featured_image_url":null,"rttpg_author":{"display_name":"diana.solom","author_link":"https:\/\/dianapiirsalu.eu\/en\/author\/diana-solom\/"},"rttpg_comment":0,"rttpg_category":null,"rttpg_excerpt":"Teenusetingimused Veebipoe dianapiirsalu.eu (edaspidi Veebipood) omanik on O\u00dc ValgeValge (registrikood 14165644, juriidilise aadressiga Kadaka pst 10, 10912 Tallinn, Harju maakond. 1. \u00dclds\u00e4tted K\u00e4esolevad tingimused kehtivad k\u00f5ikidele Veebipoe toodete ja teenuste tellimisele. Teenuseid kasutades kinnitab klient, et on tutvunud k\u00e4esolevate tingimustega ning n\u00f5ustub neid t\u00e4itma. 2. Tellimuse esitamine Tellimiseks tuleb t\u00e4ita veebilehel olev tellimusvorm. Peale tellimusvormi&hellip;","_links":{"self":[{"href":"https:\/\/dianapiirsalu.eu\/en\/wp-json\/wp\/v2\/pages\/5239","targetHints":{"allow":["GET"]}}],"collection":[{"href":"https:\/\/dianapiirsalu.eu\/en\/wp-json\/wp\/v2\/pages"}],"about":[{"href":"https:\/\/dianapiirsalu.eu\/en\/wp-json\/wp\/v2\/types\/page"}],"author":[{"embeddable":true,"href":"https:\/\/dianapiirsalu.eu\/en\/wp-json\/wp\/v2\/users\/1"}],"replies":[{"embeddable":true,"href":"https:\/\/dianapiirsalu.eu\/en\/wp-json\/wp\/v2\/comments?post=5239"}],"version-history":[{"count":14,"href":"https:\/\/dianapiirsalu.eu\/en\/wp-json\/wp\/v2\/pages\/5239\/revisions"}],"predecessor-version":[{"id":5626,"href":"https:\/\/dianapiirsalu.eu\/en\/wp-json\/wp\/v2\/pages\/5239\/revisions\/5626"}],"wp:attachment":[{"href":"https:\/\/dianapiirsalu.eu\/en\/wp-json\/wp\/v2\/media?parent=5239"}],"curies":[{"name":"wp","href":"https:\/\/api.w.org\/{rel}","templated":true}]}}