{"id":1915,"date":"2025-07-19T18:54:52","date_gmt":"2025-07-19T18:54:52","guid":{"rendered":"https:\/\/dianapiirsalu.eu\/?post_type=product&#038;p=1915"},"modified":"2025-07-19T19:32:35","modified_gmt":"2025-07-19T19:32:35","slug":"parim-naokreem","status":"publish","type":"product","link":"https:\/\/dianapiirsalu.eu\/en\/product\/parim-naokreem\/","title":{"rendered":"Parim n\u00e4okreem"},"content":{"rendered":"<p>Meditsiiniline puhtus ja k\u00e4sit\u00f6\u00f6na valminud luksus.<\/p>\n<p>Sisaldab ainult seda, mida nahk p\u00e4riselt vajab &#8211; ei midagi \u00fcleliigset.<\/p>\n<p>&#8220;Parim n\u00e4okreem&#8221; on k\u00f5rgpuhtuse tasemel nahahooldus, kus iga koostisosa on valitud mitte ainult oma t\u00f5hususe, vaid ka bioaktiivse puhtuse j\u00e4rgi.<\/p>\n<p>See on valmistatud:<\/p>\n<ul>\n<li>Esimese k\u00fclmpressi k\u00f5rgkvaliteedilistest baaslidest<\/li>\n<li>Looduslikust mesilasvahast ja laukaveest (mineraalide ja antioks\u00fcdantide looduslik allikas)<\/li>\n<li>Meditsiinilise puhtusastmega eeterlikest \u00f5lidest, millel on teaduslikult t\u00f5endatud p\u00f5letikuvastane ja nahka taastav toime<\/li>\n<\/ul>","protected":false},"excerpt":{"rendered":"<p>Puhas, ehe ja vaikne meeldetuletus, et nahk armastab loomulikku. Sa tunned seda juba esimesest puudutusest.<\/p>","protected":false},"featured_media":1916,"comment_status":"open","ping_status":"closed","template":"","meta":{"_eb_attr":"","site-sidebar-layout":"default","site-content-layout":"","ast-site-content-layout":"default","site-content-style":"default","site-sidebar-style":"default","ast-global-header-display":"","ast-banner-title-visibility":"","ast-main-header-display":"","ast-hfb-above-header-display":"","ast-hfb-below-header-display":"","ast-hfb-mobile-header-display":"","site-post-title":"","ast-breadcrumbs-content":"","ast-featured-img":"","footer-sml-layout":"","theme-transparent-header-meta":"default","adv-header-id-meta":"","stick-header-meta":"","header-above-stick-meta":"","header-main-stick-meta":"","header-below-stick-meta":"","astra-migrate-meta-layouts":"set","ast-page-background-enabled":"default","ast-page-background-meta":{"desktop":{"background-color":"var(--ast-global-color-4)","background-image":"","background-repeat":"repeat","background-position":"center center","background-size":"auto","background-attachment":"scroll","background-type":"","background-media":"","overlay-type":"","overlay-color":"","overlay-opacity":"","overlay-gradient":""},"tablet":{"background-color":"","background-image":"","background-repeat":"repeat","background-position":"center center","background-size":"auto","background-attachment":"scroll","background-type":"","background-media":"","overlay-type":"","overlay-color":"","overlay-opacity":"","overlay-gradient":""},"mobile":{"background-color":"","background-image":"","background-repeat":"repeat","background-position":"center center","background-size":"auto","background-attachment":"scroll","background-type":"","background-media":"","overlay-type":"","overlay-color":"","overlay-opacity":"","overlay-gradient":""}},"ast-content-background-meta":{"desktop":{"background-color":"var(--ast-global-color-5)","background-image":"","background-repeat":"repeat","background-position":"center center","background-size":"auto","background-attachment":"scroll","background-type":"","background-media":"","overlay-type":"","overlay-color":"","overlay-opacity":"","overlay-gradient":""},"tablet":{"background-color":"var(--ast-global-color-5)","background-image":"","background-repeat":"repeat","background-position":"center center","background-size":"auto","background-attachment":"scroll","background-type":"","background-media":"","overlay-type":"","overlay-color":"","overlay-opacity":"","overlay-gradient":""},"mobile":{"background-color":"var(--ast-global-color-5)","background-image":"","background-repeat":"repeat","background-position":"center center","background-size":"auto","background-attachment":"scroll","background-type":"","background-media":"","overlay-type":"","overlay-color":"","overlay-opacity":"","overlay-gradient":""}}},"product_brand":[],"product_cat":[26],"product_tag":[],"class_list":{"0":"post-1915","1":"product","2":"type-product","3":"status-publish","4":"has-post-thumbnail","6":"product_cat-kosmeetika","7":"desktop-align-left","8":"tablet-align-left","9":"mobile-align-left","11":"first","12":"instock","13":"sale","14":"shipping-taxable","15":"purchasable","16":"product-type-simple"},"_links":{"self":[{"href":"https:\/\/dianapiirsalu.eu\/en\/wp-json\/wp\/v2\/product\/1915","targetHints":{"allow":["GET"]}}],"collection":[{"href":"https:\/\/dianapiirsalu.eu\/en\/wp-json\/wp\/v2\/product"}],"about":[{"href":"https:\/\/dianapiirsalu.eu\/en\/wp-json\/wp\/v2\/types\/product"}],"replies":[{"embeddable":true,"href":"https:\/\/dianapiirsalu.eu\/en\/wp-json\/wp\/v2\/comments?post=1915"}],"wp:featuredmedia":[{"embeddable":true,"href":"https:\/\/dianapiirsalu.eu\/en\/wp-json\/wp\/v2\/media\/1916"}],"wp:attachment":[{"href":"https:\/\/dianapiirsalu.eu\/en\/wp-json\/wp\/v2\/media?parent=1915"}],"wp:term":[{"taxonomy":"product_brand","embeddable":true,"href":"https:\/\/dianapiirsalu.eu\/en\/wp-json\/wp\/v2\/product_brand?post=1915"},{"taxonomy":"product_cat","embeddable":true,"href":"https:\/\/dianapiirsalu.eu\/en\/wp-json\/wp\/v2\/product_cat?post=1915"},{"taxonomy":"product_tag","embeddable":true,"href":"https:\/\/dianapiirsalu.eu\/en\/wp-json\/wp\/v2\/product_tag?post=1915"}],"curies":[{"name":"wp","href":"https:\/\/api.w.org\/{rel}","templated":true}]}}