{"id":2978,"date":"2025-09-05T12:46:37","date_gmt":"2025-09-05T12:46:37","guid":{"rendered":"https:\/\/dianapiirsalu.eu\/?post_type=product&#038;p=2978"},"modified":"2025-09-05T12:47:48","modified_gmt":"2025-09-05T12:47:48","slug":"suvalodvestus","status":"publish","type":"product","link":"https:\/\/dianapiirsalu.eu\/en\/product\/suvalodvestus\/","title":{"rendered":"S\u00fcval\u00f5dvestus"},"content":{"rendered":"<p><span style=\"font-weight: 400;\">S\u00fcval\u00f5dvestus on lihtne meditatiivne praktika, kus on vaja vaid lamada ja kuulata ning olla kohal. L\u00e4bi selle tehnika j\u00f5uab muutunud teadvuse seisundisse, ilma igasuguste lisavahenditeta, kus toimub nii s\u00fcgav l\u00f5dvestumine, et justkui libiseme s\u00fcvaunne, kuid teadvus j\u00e4\u00e4b \u00e4rkvele. L\u00e4bi selle saab teha kvaliteetse puhkuse kogu kehale ja vaigistada m\u00f5istus ning keha hakkab ennast ise taastama ja noorendama.<\/span><\/p>\n<p>&nbsp;<\/p>\n<p><span style=\"font-weight: 400;\">V\u00f5ta kaasa<\/span><\/p>\n<ul>\n<li><span style=\"font-weight: 400;\">joogamatt ja pleed<\/span><\/li>\n<li>veepudel<\/li>\n<li>m\u00e4rkmik, juhuks kui soovid teha \u00fclest\u00e4hendusi<\/li>\n<\/ul>\n<p>Riietuda mugavalt<\/p>","protected":false},"excerpt":{"rendered":"<p><span style=\"font-weight: 400;\">Teeme l\u00e4bi s\u00fcval\u00f5dvestuse seansi, millega saab iseennast s\u00fcval\u00f5dvestusse viia ja seda hiljem kodus ise teha vastavalt vajadusele.<\/span><\/p>","protected":false},"featured_media":2982,"comment_status":"open","ping_status":"closed","template":"","meta":{"_eb_attr":"","site-sidebar-layout":"default","site-content-layout":"","ast-site-content-layout":"default","site-content-style":"default","site-sidebar-style":"default","ast-global-header-display":"","ast-banner-title-visibility":"","ast-main-header-display":"","ast-hfb-above-header-display":"","ast-hfb-below-header-display":"","ast-hfb-mobile-header-display":"","site-post-title":"","ast-breadcrumbs-content":"","ast-featured-img":"","footer-sml-layout":"","theme-transparent-header-meta":"default","adv-header-id-meta":"","stick-header-meta":"","header-above-stick-meta":"","header-main-stick-meta":"","header-below-stick-meta":"","astra-migrate-meta-layouts":"set","ast-page-background-enabled":"default","ast-page-background-meta":{"desktop":{"background-color":"var(--ast-global-color-4)","background-image":"","background-repeat":"repeat","background-position":"center center","background-size":"auto","background-attachment":"scroll","background-type":"","background-media":"","overlay-type":"","overlay-color":"","overlay-opacity":"","overlay-gradient":""},"tablet":{"background-color":"","background-image":"","background-repeat":"repeat","background-position":"center center","background-size":"auto","background-attachment":"scroll","background-type":"","background-media":"","overlay-type":"","overlay-color":"","overlay-opacity":"","overlay-gradient":""},"mobile":{"background-color":"","background-image":"","background-repeat":"repeat","background-position":"center center","background-size":"auto","background-attachment":"scroll","background-type":"","background-media":"","overlay-type":"","overlay-color":"","overlay-opacity":"","overlay-gradient":""}},"ast-content-background-meta":{"desktop":{"background-color":"var(--ast-global-color-5)","background-image":"","background-repeat":"repeat","background-position":"center center","background-size":"auto","background-attachment":"scroll","background-type":"","background-media":"","overlay-type":"","overlay-color":"","overlay-opacity":"","overlay-gradient":""},"tablet":{"background-color":"var(--ast-global-color-5)","background-image":"","background-repeat":"repeat","background-position":"center center","background-size":"auto","background-attachment":"scroll","background-type":"","background-media":"","overlay-type":"","overlay-color":"","overlay-opacity":"","overlay-gradient":""},"mobile":{"background-color":"var(--ast-global-color-5)","background-image":"","background-repeat":"repeat","background-position":"center center","background-size":"auto","background-attachment":"scroll","background-type":"","background-media":"","overlay-type":"","overlay-color":"","overlay-opacity":"","overlay-gradient":""}}},"product_brand":[],"product_cat":[37],"product_tag":[],"class_list":{"0":"post-2978","1":"product","2":"type-product","3":"status-publish","4":"has-post-thumbnail","6":"product_cat-teraapia","7":"desktop-align-left","8":"tablet-align-left","9":"mobile-align-left","11":"first","12":"instock","13":"shipping-taxable","14":"purchasable","15":"product-type-variable"},"_links":{"self":[{"href":"https:\/\/dianapiirsalu.eu\/en\/wp-json\/wp\/v2\/product\/2978","targetHints":{"allow":["GET"]}}],"collection":[{"href":"https:\/\/dianapiirsalu.eu\/en\/wp-json\/wp\/v2\/product"}],"about":[{"href":"https:\/\/dianapiirsalu.eu\/en\/wp-json\/wp\/v2\/types\/product"}],"replies":[{"embeddable":true,"href":"https:\/\/dianapiirsalu.eu\/en\/wp-json\/wp\/v2\/comments?post=2978"}],"wp:featuredmedia":[{"embeddable":true,"href":"https:\/\/dianapiirsalu.eu\/en\/wp-json\/wp\/v2\/media\/2982"}],"wp:attachment":[{"href":"https:\/\/dianapiirsalu.eu\/en\/wp-json\/wp\/v2\/media?parent=2978"}],"wp:term":[{"taxonomy":"product_brand","embeddable":true,"href":"https:\/\/dianapiirsalu.eu\/en\/wp-json\/wp\/v2\/product_brand?post=2978"},{"taxonomy":"product_cat","embeddable":true,"href":"https:\/\/dianapiirsalu.eu\/en\/wp-json\/wp\/v2\/product_cat?post=2978"},{"taxonomy":"product_tag","embeddable":true,"href":"https:\/\/dianapiirsalu.eu\/en\/wp-json\/wp\/v2\/product_tag?post=2978"}],"curies":[{"name":"wp","href":"https:\/\/api.w.org\/{rel}","templated":true}]}}